{"id":3852,"date":"2024-06-28T14:56:34","date_gmt":"2024-06-28T14:56:34","guid":{"rendered":"https:\/\/tecnofas.com.br\/?page_id=3852"},"modified":"2026-03-12T18:10:52","modified_gmt":"2026-03-12T18:10:52","slug":"portifolio_tecnofas_sp_porte_sigma","status":"publish","type":"page","link":"https:\/\/tecnofas.com.br\/es\/portifolio_tecnofas_sp_porte_sigma\/","title":{"rendered":"Portifolio_tecnofas_sp_porte_signa"},"content":{"rendered":"<div data-elementor-type=\"wp-post\" data-elementor-id=\"3852\" class=\"elementor elementor-3852\" data-elementor-post-type=\"page\">\n\t\t\t\t\t\t<section class=\"elementor-section elementor-top-section elementor-element elementor-element-363841b8 elementor-section-boxed elementor-section-height-default elementor-section-height-default\" data-id=\"363841b8\" data-element_type=\"section\" data-e-type=\"section\" data-settings=\"{&quot;background_background&quot;:&quot;classic&quot;}\">\n\t\t\t\t\t\t\t<div class=\"elementor-background-overlay\"><\/div>\n\t\t\t\t\t\t\t<div class=\"elementor-container elementor-column-gap-no\">\n\t\t\t\t\t<div class=\"elementor-column elementor-col-100 elementor-top-column elementor-element elementor-element-5c7f5d86 elementor-invisible\" data-id=\"5c7f5d86\" data-element_type=\"column\" data-e-type=\"column\" data-settings=\"{&quot;animation&quot;:&quot;fadeInDown&quot;}\">\n\t\t\t<div class=\"elementor-widget-wrap elementor-element-populated\">\n\t\t\t\t\t\t<div class=\"elementor-element elementor-element-60c9d18 elementor-widget elementor-widget-heading\" data-id=\"60c9d18\" data-element_type=\"widget\" data-e-type=\"widget\" data-widget_type=\"heading.default\">\n\t\t\t\t<div class=\"elementor-widget-container\">\n\t\t\t\t\t<h2 class=\"elementor-heading-title elementor-size-default\">PORTE - SIGNA<\/h2>\t\t\t\t<\/div>\n\t\t\t\t<\/div>\n\t\t\t\t\t<\/div>\n\t\t<\/div>\n\t\t\t\t\t<\/div>\n\t\t<\/section>\n\t\t<div class=\"elementor-element elementor-element-eebb7c7 e-flex e-con-boxed e-con e-parent\" data-id=\"eebb7c7\" data-element_type=\"container\" data-e-type=\"container\">\n\t\t\t\t\t<div class=\"e-con-inner\">\n\t\t<div class=\"elementor-element elementor-element-7e8a06e e-con-full e-flex e-con e-child\" data-id=\"7e8a06e\" data-element_type=\"container\" data-e-type=\"container\">\n\t\t\t\t<div class=\"elementor-element elementor-element-ce4936b elementor-widget elementor-widget-image\" data-id=\"ce4936b\" data-element_type=\"widget\" data-e-type=\"widget\" data-widget_type=\"image.default\">\n\t\t\t\t<div class=\"elementor-widget-container\">\n\t\t\t\t\t\t\t\t\t\t\t\t\t\t\t<img fetchpriority=\"high\" decoding=\"async\" width=\"800\" height=\"820\" src=\"https:\/\/tecnofas.com.br\/wp-content\/uploads\/2024\/10\/ESTADO-SAO-PAULO-web.webp\" class=\"attachment-large size-large wp-image-5839\" alt=\"\" srcset=\"https:\/\/tecnofas.com.br\/wp-content\/uploads\/2024\/10\/ESTADO-SAO-PAULO-web.webp 800w, https:\/\/tecnofas.com.br\/wp-content\/uploads\/2024\/10\/ESTADO-SAO-PAULO-web-293x300.webp 293w, https:\/\/tecnofas.com.br\/wp-content\/uploads\/2024\/10\/ESTADO-SAO-PAULO-web-768x787.webp 768w\" sizes=\"(max-width: 800px) 100vw, 800px\" \/>\t\t\t\t\t\t\t\t\t\t\t\t\t\t\t<\/div>\n\t\t\t\t<\/div>\n\t\t\t\t<\/div>\n\t\t<div class=\"elementor-element elementor-element-145fe94 e-con-full e-flex e-con e-child\" data-id=\"145fe94\" data-element_type=\"container\" data-e-type=\"container\">\n\t\t\t\t<div class=\"elementor-element elementor-element-f04c345 elementor-icon-list--layout-traditional elementor-list-item-link-full_width elementor-widget elementor-widget-icon-list\" data-id=\"f04c345\" data-element_type=\"widget\" data-e-type=\"widget\" data-widget_type=\"icon-list.default\">\n\t\t\t\t<div class=\"elementor-widget-container\">\n\t\t\t\t\t\t\t<ul class=\"elementor-icon-list-items\">\n\t\t\t\t\t\t\t<li class=\"elementor-icon-list-item\">\n\t\t\t\t\t\t\t\t\t\t\t<span class=\"elementor-icon-list-icon\">\n\t\t\t\t\t\t\t<svg aria-hidden=\"true\" class=\"e-font-icon-svg e-fas-chevron-right\" viewbox=\"0 0 320 512\" xmlns=\"http:\/\/www.w3.org\/2000\/svg\"><path d=\"M285.476 272.971L91.132 467.314c-9.373 9.373-24.569 9.373-33.941 0l-22.667-22.667c-9.357-9.357-9.375-24.522-.04-33.901L188.505 256 34.484 101.255c-9.335-9.379-9.317-24.544.04-33.901l22.667-22.667c9.373-9.373 24.569-9.373 33.941 0L285.475 239.03c9.373 9.372 9.373 24.568.001 33.941z\"><\/path><\/svg>\t\t\t\t\t\t<\/span>\n\t\t\t\t\t\t\t\t\t\t<span class=\"elementor-icon-list-text\">Ciudad\/Estado: S\u00e3o Paulo \/ SP<\/span>\n\t\t\t\t\t\t\t\t\t<\/li>\n\t\t\t\t\t\t\t\t<li class=\"elementor-icon-list-item\">\n\t\t\t\t\t\t\t\t\t\t\t<span class=\"elementor-icon-list-icon\">\n\t\t\t\t\t\t\t<svg aria-hidden=\"true\" class=\"e-font-icon-svg e-fas-chevron-right\" viewbox=\"0 0 320 512\" xmlns=\"http:\/\/www.w3.org\/2000\/svg\"><path d=\"M285.476 272.971L91.132 467.314c-9.373 9.373-24.569 9.373-33.941 0l-22.667-22.667c-9.357-9.357-9.375-24.522-.04-33.901L188.505 256 34.484 101.255c-9.335-9.379-9.317-24.544.04-33.901l22.667-22.667c9.373-9.373 24.569-9.373 33.941 0L285.475 239.03c9.373 9.372 9.373 24.568.001 33.941z\"><\/path><\/svg>\t\t\t\t\t\t<\/span>\n\t\t\t\t\t\t\t\t\t\t<span class=\"elementor-icon-list-text\">- Estado: Finalizada<\/span>\n\t\t\t\t\t\t\t\t\t<\/li>\n\t\t\t\t\t\t\t\t<li class=\"elementor-icon-list-item\">\n\t\t\t\t\t\t\t\t\t\t\t<span class=\"elementor-icon-list-icon\">\n\t\t\t\t\t\t\t<svg aria-hidden=\"true\" class=\"e-font-icon-svg e-fas-chevron-right\" viewbox=\"0 0 320 512\" xmlns=\"http:\/\/www.w3.org\/2000\/svg\"><path d=\"M285.476 272.971L91.132 467.314c-9.373 9.373-24.569 9.373-33.941 0l-22.667-22.667c-9.357-9.357-9.375-24.522-.04-33.901L188.505 256 34.484 101.255c-9.335-9.379-9.317-24.544.04-33.901l22.667-22.667c9.373-9.373 24.569-9.373 33.941 0L285.475 239.03c9.373 9.372 9.373 24.568.001 33.941z\"><\/path><\/svg>\t\t\t\t\t\t<\/span>\n\t\t\t\t\t\t\t\t\t\t<span class=\"elementor-icon-list-text\">Ano da execu\u00e7\u00e3o: 2025<\/span>\n\t\t\t\t\t\t\t\t\t<\/li>\n\t\t\t\t\t\t\t\t<li class=\"elementor-icon-list-item\">\n\t\t\t\t\t\t\t\t\t\t\t<span class=\"elementor-icon-list-icon\">\n\t\t\t\t\t\t\t<svg aria-hidden=\"true\" class=\"e-font-icon-svg e-fas-chevron-right\" viewbox=\"0 0 320 512\" xmlns=\"http:\/\/www.w3.org\/2000\/svg\"><path d=\"M285.476 272.971L91.132 467.314c-9.373 9.373-24.569 9.373-33.941 0l-22.667-22.667c-9.357-9.357-9.375-24.522-.04-33.901L188.505 256 34.484 101.255c-9.335-9.379-9.317-24.544.04-33.901l22.667-22.667c9.373-9.373 24.569-9.373 33.941 0L285.475 239.03c9.373 9.372 9.373 24.568.001 33.941z\"><\/path><\/svg>\t\t\t\t\t\t<\/span>\n\t\t\t\t\t\t\t\t\t\t<span class=\"elementor-icon-list-text\">\u00c1rea da fachada: 1.760,00m\u00b2<\/span>\n\t\t\t\t\t\t\t\t\t<\/li>\n\t\t\t\t\t\t\t\t<li class=\"elementor-icon-list-item\">\n\t\t\t\t\t\t\t\t\t\t\t<span class=\"elementor-icon-list-icon\">\n\t\t\t\t\t\t\t<svg aria-hidden=\"true\" class=\"e-font-icon-svg e-fas-chevron-right\" viewbox=\"0 0 320 512\" xmlns=\"http:\/\/www.w3.org\/2000\/svg\"><path d=\"M285.476 272.971L91.132 467.314c-9.373 9.373-24.569 9.373-33.941 0l-22.667-22.667c-9.357-9.357-9.375-24.522-.04-33.901L188.505 256 34.484 101.255c-9.335-9.379-9.317-24.544.04-33.901l22.667-22.667c9.373-9.373 24.569-9.373 33.941 0L285.475 239.03c9.373 9.372 9.373 24.568.001 33.941z\"><\/path><\/svg>\t\t\t\t\t\t<\/span>\n\t\t\t\t\t\t\t\t\t\t<span class=\"elementor-icon-list-text\">Tipo de porcelanato: Portobello Pau Brasil e Steel Black<\/span>\n\t\t\t\t\t\t\t\t\t<\/li>\n\t\t\t\t\t\t\t\t<li class=\"elementor-icon-list-item\">\n\t\t\t\t\t\t\t\t\t\t\t<span class=\"elementor-icon-list-icon\">\n\t\t\t\t\t\t\t<svg aria-hidden=\"true\" class=\"e-font-icon-svg e-fas-chevron-right\" viewbox=\"0 0 320 512\" xmlns=\"http:\/\/www.w3.org\/2000\/svg\"><path d=\"M285.476 272.971L91.132 467.314c-9.373 9.373-24.569 9.373-33.941 0l-22.667-22.667c-9.357-9.357-9.375-24.522-.04-33.901L188.505 256 34.484 101.255c-9.335-9.379-9.317-24.544.04-33.901l22.667-22.667c9.373-9.373 24.569-9.373 33.941 0L285.475 239.03c9.373 9.372 9.373 24.568.001 33.941z\"><\/path><\/svg>\t\t\t\t\t\t<\/span>\n\t\t\t\t\t\t\t\t\t\t<span class=\"elementor-icon-list-text\">Formato del porcelanato: 20x120 \/ 60x120cm<\/span>\n\t\t\t\t\t\t\t\t\t<\/li>\n\t\t\t\t\t\t<\/ul>\n\t\t\t\t\t\t<\/div>\n\t\t\t\t<\/div>\n\t\t\t\t<\/div>\n\t\t\t\t\t<\/div>\n\t\t\t\t<\/div>\n\t\t<div class=\"elementor-element elementor-element-cd2f154 e-flex e-con-boxed e-con e-parent\" data-id=\"cd2f154\" data-element_type=\"container\" data-e-type=\"container\">\n\t\t\t\t\t<div class=\"e-con-inner\">\n\t\t\t\t<div class=\"elementor-element elementor-element-d716006 elementor-widget-divider--view-line_icon elementor-view-default elementor-widget-divider--element-align-center elementor-widget elementor-widget-divider\" data-id=\"d716006\" data-element_type=\"widget\" data-e-type=\"widget\" data-widget_type=\"divider.default\">\n\t\t\t\t<div class=\"elementor-widget-container\">\n\t\t\t\t\t\t\t<div class=\"elementor-divider\">\n\t\t\t<span class=\"elementor-divider-separator\">\n\t\t\t\t\t\t\t<div class=\"elementor-icon elementor-divider__element\">\n\t\t\t\t\t<svg aria-hidden=\"true\" class=\"e-font-icon-svg e-far-arrow-alt-circle-down\" viewbox=\"0 0 512 512\" xmlns=\"http:\/\/www.w3.org\/2000\/svg\"><path d=\"M256 8C119 8 8 119 8 256s111 248 248 248 248-111 248-248S393 8 256 8zm0 448c-110.5 0-200-89.5-200-200S145.5 56 256 56s200 89.5 200 200-89.5 200-200 200zm-32-316v116h-67c-10.7 0-16 12.9-8.5 20.5l99 99c4.7 4.7 12.3 4.7 17 0l99-99c7.6-7.6 2.2-20.5-8.5-20.5h-67V140c0-6.6-5.4-12-12-12h-40c-6.6 0-12 5.4-12 12z\"><\/path><\/svg><\/div>\n\t\t\t\t\t\t<\/span>\n\t\t<\/div>\n\t\t\t\t\t\t<\/div>\n\t\t\t\t<\/div>\n\t\t\t\t\t<\/div>\n\t\t\t\t<\/div>\n\t\t\t\t<section class=\"elementor-section elementor-top-section elementor-element elementor-element-e532dd8 elementor-section-boxed elementor-section-height-default elementor-section-height-default\" data-id=\"e532dd8\" data-element_type=\"section\" data-e-type=\"section\">\n\t\t\t\t\t\t<div class=\"elementor-container elementor-column-gap-default\">\n\t\t\t\t\t<div class=\"elementor-column elementor-col-100 elementor-top-column elementor-element elementor-element-11828e3\" data-id=\"11828e3\" data-element_type=\"column\" data-e-type=\"column\">\n\t\t\t<div class=\"elementor-widget-wrap elementor-element-populated\">\n\t\t\t\t\t\t<div class=\"elementor-element elementor-element-c40623f elementor-widget elementor-widget-gallery\" data-id=\"c40623f\" data-element_type=\"widget\" data-e-type=\"widget\" data-settings=\"{&quot;columns_mobile&quot;:2,&quot;lazyload&quot;:&quot;yes&quot;,&quot;gallery_layout&quot;:&quot;grid&quot;,&quot;columns&quot;:4,&quot;columns_tablet&quot;:2,&quot;gap&quot;:{&quot;unit&quot;:&quot;px&quot;,&quot;size&quot;:10,&quot;sizes&quot;:[]},&quot;gap_tablet&quot;:{&quot;unit&quot;:&quot;px&quot;,&quot;size&quot;:10,&quot;sizes&quot;:[]},&quot;gap_mobile&quot;:{&quot;unit&quot;:&quot;px&quot;,&quot;size&quot;:10,&quot;sizes&quot;:[]},&quot;link_to&quot;:&quot;file&quot;,&quot;aspect_ratio&quot;:&quot;3:2&quot;,&quot;overlay_background&quot;:&quot;yes&quot;,&quot;content_hover_animation&quot;:&quot;fade-in&quot;}\" data-widget_type=\"gallery.default\">\n\t\t\t\t<div class=\"elementor-widget-container\">\n\t\t\t\t\t\t\t<div class=\"elementor-gallery__container\">\n\t\t\t\t\t\t\t<a class=\"e-gallery-item elementor-gallery-item elementor-animated-content\" href=\"https:\/\/tecnofas.com.br\/wp-content\/uploads\/2024\/10\/porte_sigma_10.webp\" data-elementor-open-lightbox=\"yes\" data-elementor-lightbox-slideshow=\"c40623f\" data-elementor-lightbox-title=\"porte_sigma_10\" data-e-action-hash=\"#elementor-action%3Aaction%3Dlightbox%26settings%3DeyJpZCI6NjI1OCwidXJsIjoiaHR0cHM6XC9cL3RlY25vZmFzLmNvbS5iclwvd3AtY29udGVudFwvdXBsb2Fkc1wvMjAyNFwvMTBcL3BvcnRlX3NpZ21hXzEwLndlYnAiLCJzbGlkZXNob3ciOiJjNDA2MjNmIn0%3D\">\n\t\t\t\t\t<div class=\"e-gallery-image elementor-gallery-item__image\" data-thumbnail=\"https:\/\/tecnofas.com.br\/wp-content\/uploads\/2024\/10\/porte_sigma_10.webp\" data-width=\"720\" data-height=\"1280\" aria-label=\"\" role=\"img\" ><\/div>\n\t\t\t\t\t\t\t\t\t\t\t<div class=\"elementor-gallery-item__overlay\"><\/div>\n\t\t\t\t\t\t\t\t\t\t\t\t\t\t<\/a>\n\t\t\t\t\t\t\t<a class=\"e-gallery-item elementor-gallery-item elementor-animated-content\" href=\"https:\/\/tecnofas.com.br\/wp-content\/uploads\/2024\/10\/porte_sigma_09.webp\" data-elementor-open-lightbox=\"yes\" data-elementor-lightbox-slideshow=\"c40623f\" data-elementor-lightbox-title=\"porte_sigma_09\" data-e-action-hash=\"#elementor-action%3Aaction%3Dlightbox%26settings%3DeyJpZCI6NjI1NywidXJsIjoiaHR0cHM6XC9cL3RlY25vZmFzLmNvbS5iclwvd3AtY29udGVudFwvdXBsb2Fkc1wvMjAyNFwvMTBcL3BvcnRlX3NpZ21hXzA5LndlYnAiLCJzbGlkZXNob3ciOiJjNDA2MjNmIn0%3D\">\n\t\t\t\t\t<div class=\"e-gallery-image elementor-gallery-item__image\" data-thumbnail=\"https:\/\/tecnofas.com.br\/wp-content\/uploads\/2024\/10\/porte_sigma_09.webp\" data-width=\"720\" data-height=\"1280\" aria-label=\"\" role=\"img\" ><\/div>\n\t\t\t\t\t\t\t\t\t\t\t<div class=\"elementor-gallery-item__overlay\"><\/div>\n\t\t\t\t\t\t\t\t\t\t\t\t\t\t<\/a>\n\t\t\t\t\t\t\t<a class=\"e-gallery-item elementor-gallery-item elementor-animated-content\" href=\"https:\/\/tecnofas.com.br\/wp-content\/uploads\/2024\/10\/porte_sigma_08.webp\" data-elementor-open-lightbox=\"yes\" data-elementor-lightbox-slideshow=\"c40623f\" data-elementor-lightbox-title=\"porte_sigma_08\" data-e-action-hash=\"#elementor-action%3Aaction%3Dlightbox%26settings%3DeyJpZCI6NjI1NiwidXJsIjoiaHR0cHM6XC9cL3RlY25vZmFzLmNvbS5iclwvd3AtY29udGVudFwvdXBsb2Fkc1wvMjAyNFwvMTBcL3BvcnRlX3NpZ21hXzA4LndlYnAiLCJzbGlkZXNob3ciOiJjNDA2MjNmIn0%3D\">\n\t\t\t\t\t<div class=\"e-gallery-image elementor-gallery-item__image\" data-thumbnail=\"https:\/\/tecnofas.com.br\/wp-content\/uploads\/2024\/10\/porte_sigma_08.webp\" data-width=\"900\" data-height=\"1600\" aria-label=\"\" role=\"img\" ><\/div>\n\t\t\t\t\t\t\t\t\t\t\t<div class=\"elementor-gallery-item__overlay\"><\/div>\n\t\t\t\t\t\t\t\t\t\t\t\t\t\t<\/a>\n\t\t\t\t\t\t\t<a class=\"e-gallery-item elementor-gallery-item elementor-animated-content\" href=\"https:\/\/tecnofas.com.br\/wp-content\/uploads\/2024\/10\/porte_sigma_07.webp\" data-elementor-open-lightbox=\"yes\" data-elementor-lightbox-slideshow=\"c40623f\" data-elementor-lightbox-title=\"porte_sigma_07\" data-e-action-hash=\"#elementor-action%3Aaction%3Dlightbox%26settings%3DeyJpZCI6NjI1NSwidXJsIjoiaHR0cHM6XC9cL3RlY25vZmFzLmNvbS5iclwvd3AtY29udGVudFwvdXBsb2Fkc1wvMjAyNFwvMTBcL3BvcnRlX3NpZ21hXzA3LndlYnAiLCJzbGlkZXNob3ciOiJjNDA2MjNmIn0%3D\">\n\t\t\t\t\t<div class=\"e-gallery-image elementor-gallery-item__image\" data-thumbnail=\"https:\/\/tecnofas.com.br\/wp-content\/uploads\/2024\/10\/porte_sigma_07.webp\" data-width=\"900\" data-height=\"1600\" aria-label=\"\" role=\"img\" ><\/div>\n\t\t\t\t\t\t\t\t\t\t\t<div class=\"elementor-gallery-item__overlay\"><\/div>\n\t\t\t\t\t\t\t\t\t\t\t\t\t\t<\/a>\n\t\t\t\t\t\t\t<a class=\"e-gallery-item elementor-gallery-item elementor-animated-content\" href=\"https:\/\/tecnofas.com.br\/wp-content\/uploads\/2024\/10\/porte_sigma_06.webp\" data-elementor-open-lightbox=\"yes\" data-elementor-lightbox-slideshow=\"c40623f\" data-elementor-lightbox-title=\"porte_sigma_06\" data-e-action-hash=\"#elementor-action%3Aaction%3Dlightbox%26settings%3DeyJpZCI6NjI1NCwidXJsIjoiaHR0cHM6XC9cL3RlY25vZmFzLmNvbS5iclwvd3AtY29udGVudFwvdXBsb2Fkc1wvMjAyNFwvMTBcL3BvcnRlX3NpZ21hXzA2LndlYnAiLCJzbGlkZXNob3ciOiJjNDA2MjNmIn0%3D\">\n\t\t\t\t\t<div class=\"e-gallery-image elementor-gallery-item__image\" data-thumbnail=\"https:\/\/tecnofas.com.br\/wp-content\/uploads\/2024\/10\/porte_sigma_06.webp\" data-width=\"1280\" data-height=\"720\" aria-label=\"\" role=\"img\" ><\/div>\n\t\t\t\t\t\t\t\t\t\t\t<div class=\"elementor-gallery-item__overlay\"><\/div>\n\t\t\t\t\t\t\t\t\t\t\t\t\t\t<\/a>\n\t\t\t\t\t\t\t<a class=\"e-gallery-item elementor-gallery-item elementor-animated-content\" href=\"https:\/\/tecnofas.com.br\/wp-content\/uploads\/2024\/10\/porte_sigma_05.webp\" data-elementor-open-lightbox=\"yes\" data-elementor-lightbox-slideshow=\"c40623f\" data-elementor-lightbox-title=\"porte_sigma_05\" data-e-action-hash=\"#elementor-action%3Aaction%3Dlightbox%26settings%3DeyJpZCI6NjI1MywidXJsIjoiaHR0cHM6XC9cL3RlY25vZmFzLmNvbS5iclwvd3AtY29udGVudFwvdXBsb2Fkc1wvMjAyNFwvMTBcL3BvcnRlX3NpZ21hXzA1LndlYnAiLCJzbGlkZXNob3ciOiJjNDA2MjNmIn0%3D\">\n\t\t\t\t\t<div class=\"e-gallery-image elementor-gallery-item__image\" data-thumbnail=\"https:\/\/tecnofas.com.br\/wp-content\/uploads\/2024\/10\/porte_sigma_05.webp\" data-width=\"1600\" data-height=\"900\" aria-label=\"\" role=\"img\" ><\/div>\n\t\t\t\t\t\t\t\t\t\t\t<div class=\"elementor-gallery-item__overlay\"><\/div>\n\t\t\t\t\t\t\t\t\t\t\t\t\t\t<\/a>\n\t\t\t\t\t\t\t<a class=\"e-gallery-item elementor-gallery-item elementor-animated-content\" href=\"https:\/\/tecnofas.com.br\/wp-content\/uploads\/2024\/10\/porte_sigma_04.webp\" data-elementor-open-lightbox=\"yes\" data-elementor-lightbox-slideshow=\"c40623f\" data-elementor-lightbox-title=\"porte_sigma_04\" data-e-action-hash=\"#elementor-action%3Aaction%3Dlightbox%26settings%3DeyJpZCI6NjI1MiwidXJsIjoiaHR0cHM6XC9cL3RlY25vZmFzLmNvbS5iclwvd3AtY29udGVudFwvdXBsb2Fkc1wvMjAyNFwvMTBcL3BvcnRlX3NpZ21hXzA0LndlYnAiLCJzbGlkZXNob3ciOiJjNDA2MjNmIn0%3D\">\n\t\t\t\t\t<div class=\"e-gallery-image elementor-gallery-item__image\" data-thumbnail=\"https:\/\/tecnofas.com.br\/wp-content\/uploads\/2024\/10\/porte_sigma_04.webp\" data-width=\"720\" data-height=\"1280\" aria-label=\"\" role=\"img\" ><\/div>\n\t\t\t\t\t\t\t\t\t\t\t<div class=\"elementor-gallery-item__overlay\"><\/div>\n\t\t\t\t\t\t\t\t\t\t\t\t\t\t<\/a>\n\t\t\t\t\t\t\t<a class=\"e-gallery-item elementor-gallery-item elementor-animated-content\" href=\"https:\/\/tecnofas.com.br\/wp-content\/uploads\/2024\/10\/porte_sigma_03.webp\" data-elementor-open-lightbox=\"yes\" data-elementor-lightbox-slideshow=\"c40623f\" data-elementor-lightbox-title=\"porte_sigma_03\" data-e-action-hash=\"#elementor-action%3Aaction%3Dlightbox%26settings%3DeyJpZCI6NjI1MSwidXJsIjoiaHR0cHM6XC9cL3RlY25vZmFzLmNvbS5iclwvd3AtY29udGVudFwvdXBsb2Fkc1wvMjAyNFwvMTBcL3BvcnRlX3NpZ21hXzAzLndlYnAiLCJzbGlkZXNob3ciOiJjNDA2MjNmIn0%3D\">\n\t\t\t\t\t<div class=\"e-gallery-image elementor-gallery-item__image\" data-thumbnail=\"https:\/\/tecnofas.com.br\/wp-content\/uploads\/2024\/10\/porte_sigma_03.webp\" data-width=\"1280\" data-height=\"720\" aria-label=\"\" role=\"img\" ><\/div>\n\t\t\t\t\t\t\t\t\t\t\t<div class=\"elementor-gallery-item__overlay\"><\/div>\n\t\t\t\t\t\t\t\t\t\t\t\t\t\t<\/a>\n\t\t\t\t\t\t\t<a class=\"e-gallery-item elementor-gallery-item elementor-animated-content\" href=\"https:\/\/tecnofas.com.br\/wp-content\/uploads\/2024\/10\/porte_sigma_02.webp\" data-elementor-open-lightbox=\"yes\" data-elementor-lightbox-slideshow=\"c40623f\" data-elementor-lightbox-title=\"porte_sigma_02\" data-e-action-hash=\"#elementor-action%3Aaction%3Dlightbox%26settings%3DeyJpZCI6NjI1MCwidXJsIjoiaHR0cHM6XC9cL3RlY25vZmFzLmNvbS5iclwvd3AtY29udGVudFwvdXBsb2Fkc1wvMjAyNFwvMTBcL3BvcnRlX3NpZ21hXzAyLndlYnAiLCJzbGlkZXNob3ciOiJjNDA2MjNmIn0%3D\">\n\t\t\t\t\t<div class=\"e-gallery-image elementor-gallery-item__image\" data-thumbnail=\"https:\/\/tecnofas.com.br\/wp-content\/uploads\/2024\/10\/porte_sigma_02.webp\" data-width=\"1280\" data-height=\"720\" aria-label=\"\" role=\"img\" ><\/div>\n\t\t\t\t\t\t\t\t\t\t\t<div class=\"elementor-gallery-item__overlay\"><\/div>\n\t\t\t\t\t\t\t\t\t\t\t\t\t\t<\/a>\n\t\t\t\t\t\t\t<a class=\"e-gallery-item elementor-gallery-item elementor-animated-content\" href=\"https:\/\/tecnofas.com.br\/wp-content\/uploads\/2024\/10\/porte_sigma_01.webp\" data-elementor-open-lightbox=\"yes\" data-elementor-lightbox-slideshow=\"c40623f\" data-elementor-lightbox-title=\"porte_sigma_01\" data-e-action-hash=\"#elementor-action%3Aaction%3Dlightbox%26settings%3DeyJpZCI6NjI0OSwidXJsIjoiaHR0cHM6XC9cL3RlY25vZmFzLmNvbS5iclwvd3AtY29udGVudFwvdXBsb2Fkc1wvMjAyNFwvMTBcL3BvcnRlX3NpZ21hXzAxLndlYnAiLCJzbGlkZXNob3ciOiJjNDA2MjNmIn0%3D\">\n\t\t\t\t\t<div class=\"e-gallery-image elementor-gallery-item__image\" data-thumbnail=\"https:\/\/tecnofas.com.br\/wp-content\/uploads\/2024\/10\/porte_sigma_01.webp\" data-width=\"720\" data-height=\"1280\" aria-label=\"\" role=\"img\" ><\/div>\n\t\t\t\t\t\t\t\t\t\t\t<div class=\"elementor-gallery-item__overlay\"><\/div>\n\t\t\t\t\t\t\t\t\t\t\t\t\t\t<\/a>\n\t\t\t\t\t<\/div>\n\t\t\t\t\t<\/div>\n\t\t\t\t<\/div>\n\t\t\t\t\t<\/div>\n\t\t<\/div>\n\t\t\t\t\t<\/div>\n\t\t<\/section>\n\t\t\t\t<\/div>","protected":false},"excerpt":{"rendered":"<p>PORTE &#8211; SIGNA Cidade\/Estado: S\u00e3o Paulo \/ SP Status: Conclu\u00eddo Ano da execu\u00e7\u00e3o: 2025 \u00c1rea da fachada: 1.760,00m\u00b2 Tipo de porcelanato: Portobello Pau Brasil e Steel Black Formato do porcelanato: 20&#215;120 \/ 60x120cm<\/p>","protected":false},"author":1,"featured_media":0,"parent":0,"menu_order":0,"comment_status":"closed","ping_status":"closed","template":"","meta":{"site-sidebar-layout":"no-sidebar","site-content-layout":"page-builder","ast-site-content-layout":"","site-content-style":"default","site-sidebar-style":"default","ast-global-header-display":"","ast-banner-title-visibility":"","ast-main-header-display":"","ast-hfb-above-header-display":"","ast-hfb-below-header-display":"","ast-hfb-mobile-header-display":"","site-post-title":"disabled","ast-breadcrumbs-content":"","ast-featured-img":"disabled","footer-sml-layout":"","theme-transparent-header-meta":"enabled","adv-header-id-meta":null,"stick-header-meta":null,"header-above-stick-meta":null,"header-main-stick-meta":null,"header-below-stick-meta":null,"astra-migrate-meta-layouts":"default","ast-page-background-enabled":"default","ast-page-background-meta":{"desktop":{"background-color":"","background-image":"","background-repeat":"repeat","background-position":"center center","background-size":"auto","background-attachment":"scroll","background-type":"","background-media":"","overlay-type":"","overlay-color":"","overlay-opacity":"","overlay-gradient":""},"tablet":{"background-color":"","background-image":"","background-repeat":"repeat","background-position":"center center","background-size":"auto","background-attachment":"scroll","background-type":"","background-media":"","overlay-type":"","overlay-color":"","overlay-opacity":"","overlay-gradient":""},"mobile":{"background-color":"","background-image":"","background-repeat":"repeat","background-position":"center center","background-size":"auto","background-attachment":"scroll","background-type":"","background-media":"","overlay-type":"","overlay-color":"","overlay-opacity":"","overlay-gradient":""}},"ast-content-background-meta":{"desktop":{"background-color":"var(--ast-global-color-5)","background-image":"","background-repeat":"repeat","background-position":"center center","background-size":"auto","background-attachment":"scroll","background-type":"","background-media":"","overlay-type":"","overlay-color":"","overlay-opacity":"","overlay-gradient":""},"tablet":{"background-color":"var(--ast-global-color-5)","background-image":"","background-repeat":"repeat","background-position":"center center","background-size":"auto","background-attachment":"scroll","background-type":"","background-media":"","overlay-type":"","overlay-color":"","overlay-opacity":"","overlay-gradient":""},"mobile":{"background-color":"var(--ast-global-color-5)","background-image":"","background-repeat":"repeat","background-position":"center center","background-size":"auto","background-attachment":"scroll","background-type":"","background-media":"","overlay-type":"","overlay-color":"","overlay-opacity":"","overlay-gradient":""}},"footnotes":""},"class_list":["post-3852","page","type-page","status-publish","hentry"],"_links":{"self":[{"href":"https:\/\/tecnofas.com.br\/es\/wp-json\/wp\/v2\/pages\/3852","targetHints":{"allow":["GET"]}}],"collection":[{"href":"https:\/\/tecnofas.com.br\/es\/wp-json\/wp\/v2\/pages"}],"about":[{"href":"https:\/\/tecnofas.com.br\/es\/wp-json\/wp\/v2\/types\/page"}],"author":[{"embeddable":true,"href":"https:\/\/tecnofas.com.br\/es\/wp-json\/wp\/v2\/users\/1"}],"replies":[{"embeddable":true,"href":"https:\/\/tecnofas.com.br\/es\/wp-json\/wp\/v2\/comments?post=3852"}],"version-history":[{"count":3,"href":"https:\/\/tecnofas.com.br\/es\/wp-json\/wp\/v2\/pages\/3852\/revisions"}],"predecessor-version":[{"id":6838,"href":"https:\/\/tecnofas.com.br\/es\/wp-json\/wp\/v2\/pages\/3852\/revisions\/6838"}],"wp:attachment":[{"href":"https:\/\/tecnofas.com.br\/es\/wp-json\/wp\/v2\/media?parent=3852"}],"curies":[{"name":"wp","href":"https:\/\/api.w.org\/{rel}","templated":true}]}}