{"id":3869,"date":"2024-06-28T15:02:38","date_gmt":"2024-06-28T15:02:38","guid":{"rendered":"https:\/\/tecnofas.com.br\/?page_id=3869"},"modified":"2026-03-12T17:37:23","modified_gmt":"2026-03-12T17:37:23","slug":"portifolio_tecnofas_sp_tegra_bueno-brandao","status":"publish","type":"page","link":"https:\/\/tecnofas.com.br\/es\/portifolio_tecnofas_sp_tegra_bueno-brandao\/","title":{"rendered":"Portifolio_tecnofas_sp_Tegra_bueno brand\u00e3o"},"content":{"rendered":"<div data-elementor-type=\"wp-post\" data-elementor-id=\"3869\" class=\"elementor elementor-3869\" data-elementor-post-type=\"page\">\n\t\t\t\t\t\t<section class=\"elementor-section elementor-top-section elementor-element elementor-element-363841b8 elementor-section-boxed elementor-section-height-default elementor-section-height-default\" data-id=\"363841b8\" data-element_type=\"section\" data-e-type=\"section\" data-settings=\"{&quot;background_background&quot;:&quot;classic&quot;}\">\n\t\t\t\t\t\t\t<div class=\"elementor-background-overlay\"><\/div>\n\t\t\t\t\t\t\t<div class=\"elementor-container elementor-column-gap-no\">\n\t\t\t\t\t<div class=\"elementor-column elementor-col-100 elementor-top-column elementor-element elementor-element-5c7f5d86 elementor-invisible\" data-id=\"5c7f5d86\" data-element_type=\"column\" data-e-type=\"column\" data-settings=\"{&quot;animation&quot;:&quot;fadeInDown&quot;}\">\n\t\t\t<div class=\"elementor-widget-wrap elementor-element-populated\">\n\t\t\t\t\t\t<div class=\"elementor-element elementor-element-60c9d18 elementor-widget elementor-widget-heading\" data-id=\"60c9d18\" data-element_type=\"widget\" data-e-type=\"widget\" data-widget_type=\"heading.default\">\n\t\t\t\t<div class=\"elementor-widget-container\">\n\t\t\t\t\t<h2 class=\"elementor-heading-title elementor-size-default\">TEGRA - BUENO BRAND\u00c3O<\/h2>\t\t\t\t<\/div>\n\t\t\t\t<\/div>\n\t\t\t\t\t<\/div>\n\t\t<\/div>\n\t\t\t\t\t<\/div>\n\t\t<\/section>\n\t\t<div class=\"elementor-element elementor-element-c8dfff6 e-flex e-con-boxed e-con e-parent\" data-id=\"c8dfff6\" data-element_type=\"container\" data-e-type=\"container\">\n\t\t\t\t\t<div class=\"e-con-inner\">\n\t\t<div class=\"elementor-element elementor-element-d0d40e1 e-con-full e-flex e-con e-child\" data-id=\"d0d40e1\" data-element_type=\"container\" data-e-type=\"container\">\n\t\t\t\t<div class=\"elementor-element elementor-element-d8a4358 elementor-widget elementor-widget-image\" data-id=\"d8a4358\" data-element_type=\"widget\" data-e-type=\"widget\" data-widget_type=\"image.default\">\n\t\t\t\t<div class=\"elementor-widget-container\">\n\t\t\t\t\t\t\t\t\t\t\t\t\t\t\t<img fetchpriority=\"high\" decoding=\"async\" width=\"800\" height=\"820\" src=\"https:\/\/tecnofas.com.br\/wp-content\/uploads\/2024\/10\/ESTADO-SAO-PAULO-web.webp\" class=\"attachment-large size-large wp-image-5839\" alt=\"\" srcset=\"https:\/\/tecnofas.com.br\/wp-content\/uploads\/2024\/10\/ESTADO-SAO-PAULO-web.webp 800w, https:\/\/tecnofas.com.br\/wp-content\/uploads\/2024\/10\/ESTADO-SAO-PAULO-web-293x300.webp 293w, https:\/\/tecnofas.com.br\/wp-content\/uploads\/2024\/10\/ESTADO-SAO-PAULO-web-768x787.webp 768w\" sizes=\"(max-width: 800px) 100vw, 800px\" \/>\t\t\t\t\t\t\t\t\t\t\t\t\t\t\t<\/div>\n\t\t\t\t<\/div>\n\t\t\t\t<\/div>\n\t\t<div class=\"elementor-element elementor-element-28acdc4 e-con-full e-flex e-con e-child\" data-id=\"28acdc4\" data-element_type=\"container\" data-e-type=\"container\">\n\t\t\t\t<div class=\"elementor-element elementor-element-8af992f elementor-icon-list--layout-traditional elementor-list-item-link-full_width elementor-widget elementor-widget-icon-list\" data-id=\"8af992f\" data-element_type=\"widget\" data-e-type=\"widget\" data-widget_type=\"icon-list.default\">\n\t\t\t\t<div class=\"elementor-widget-container\">\n\t\t\t\t\t\t\t<ul class=\"elementor-icon-list-items\">\n\t\t\t\t\t\t\t<li class=\"elementor-icon-list-item\">\n\t\t\t\t\t\t\t\t\t\t\t<span class=\"elementor-icon-list-icon\">\n\t\t\t\t\t\t\t<svg aria-hidden=\"true\" class=\"e-font-icon-svg e-fas-chevron-right\" viewbox=\"0 0 320 512\" xmlns=\"http:\/\/www.w3.org\/2000\/svg\"><path d=\"M285.476 272.971L91.132 467.314c-9.373 9.373-24.569 9.373-33.941 0l-22.667-22.667c-9.357-9.357-9.375-24.522-.04-33.901L188.505 256 34.484 101.255c-9.335-9.379-9.317-24.544.04-33.901l22.667-22.667c9.373-9.373 24.569-9.373 33.941 0L285.475 239.03c9.373 9.372 9.373 24.568.001 33.941z\"><\/path><\/svg>\t\t\t\t\t\t<\/span>\n\t\t\t\t\t\t\t\t\t\t<span class=\"elementor-icon-list-text\">Ciudad\/Estado: S\u00e3o Paulo \/ SP<\/span>\n\t\t\t\t\t\t\t\t\t<\/li>\n\t\t\t\t\t\t\t\t<li class=\"elementor-icon-list-item\">\n\t\t\t\t\t\t\t\t\t\t\t<span class=\"elementor-icon-list-icon\">\n\t\t\t\t\t\t\t<svg aria-hidden=\"true\" class=\"e-font-icon-svg e-fas-chevron-right\" viewbox=\"0 0 320 512\" xmlns=\"http:\/\/www.w3.org\/2000\/svg\"><path d=\"M285.476 272.971L91.132 467.314c-9.373 9.373-24.569 9.373-33.941 0l-22.667-22.667c-9.357-9.357-9.375-24.522-.04-33.901L188.505 256 34.484 101.255c-9.335-9.379-9.317-24.544.04-33.901l22.667-22.667c9.373-9.373 24.569-9.373 33.941 0L285.475 239.03c9.373 9.372 9.373 24.568.001 33.941z\"><\/path><\/svg>\t\t\t\t\t\t<\/span>\n\t\t\t\t\t\t\t\t\t\t<span class=\"elementor-icon-list-text\">- Estado: Finalizada<\/span>\n\t\t\t\t\t\t\t\t\t<\/li>\n\t\t\t\t\t\t\t\t<li class=\"elementor-icon-list-item\">\n\t\t\t\t\t\t\t\t\t\t\t<span class=\"elementor-icon-list-icon\">\n\t\t\t\t\t\t\t<svg aria-hidden=\"true\" class=\"e-font-icon-svg e-fas-chevron-right\" viewbox=\"0 0 320 512\" xmlns=\"http:\/\/www.w3.org\/2000\/svg\"><path d=\"M285.476 272.971L91.132 467.314c-9.373 9.373-24.569 9.373-33.941 0l-22.667-22.667c-9.357-9.357-9.375-24.522-.04-33.901L188.505 256 34.484 101.255c-9.335-9.379-9.317-24.544.04-33.901l22.667-22.667c9.373-9.373 24.569-9.373 33.941 0L285.475 239.03c9.373 9.372 9.373 24.568.001 33.941z\"><\/path><\/svg>\t\t\t\t\t\t<\/span>\n\t\t\t\t\t\t\t\t\t\t<span class=\"elementor-icon-list-text\">Ano da execu\u00e7\u00e3o: 2025<\/span>\n\t\t\t\t\t\t\t\t\t<\/li>\n\t\t\t\t\t\t\t\t<li class=\"elementor-icon-list-item\">\n\t\t\t\t\t\t\t\t\t\t\t<span class=\"elementor-icon-list-icon\">\n\t\t\t\t\t\t\t<svg aria-hidden=\"true\" class=\"e-font-icon-svg e-fas-chevron-right\" viewbox=\"0 0 320 512\" xmlns=\"http:\/\/www.w3.org\/2000\/svg\"><path d=\"M285.476 272.971L91.132 467.314c-9.373 9.373-24.569 9.373-33.941 0l-22.667-22.667c-9.357-9.357-9.375-24.522-.04-33.901L188.505 256 34.484 101.255c-9.335-9.379-9.317-24.544.04-33.901l22.667-22.667c9.373-9.373 24.569-9.373 33.941 0L285.475 239.03c9.373 9.372 9.373 24.568.001 33.941z\"><\/path><\/svg>\t\t\t\t\t\t<\/span>\n\t\t\t\t\t\t\t\t\t\t<span class=\"elementor-icon-list-text\">\u00c1rea de fachada: 5.000,00m\u00b2<\/span>\n\t\t\t\t\t\t\t\t\t<\/li>\n\t\t\t\t\t\t\t\t<li class=\"elementor-icon-list-item\">\n\t\t\t\t\t\t\t\t\t\t\t<span class=\"elementor-icon-list-icon\">\n\t\t\t\t\t\t\t<svg aria-hidden=\"true\" class=\"e-font-icon-svg e-fas-chevron-right\" viewbox=\"0 0 320 512\" xmlns=\"http:\/\/www.w3.org\/2000\/svg\"><path d=\"M285.476 272.971L91.132 467.314c-9.373 9.373-24.569 9.373-33.941 0l-22.667-22.667c-9.357-9.357-9.375-24.522-.04-33.901L188.505 256 34.484 101.255c-9.335-9.379-9.317-24.544.04-33.901l22.667-22.667c9.373-9.373 24.569-9.373 33.941 0L285.475 239.03c9.373 9.372 9.373 24.568.001 33.941z\"><\/path><\/svg>\t\t\t\t\t\t<\/span>\n\t\t\t\t\t\t\t\t\t\t<span class=\"elementor-icon-list-text\">Tipo de porcelanato: Portobello Ohh Take Clif<\/span>\n\t\t\t\t\t\t\t\t\t<\/li>\n\t\t\t\t\t\t\t\t<li class=\"elementor-icon-list-item\">\n\t\t\t\t\t\t\t\t\t\t\t<span class=\"elementor-icon-list-icon\">\n\t\t\t\t\t\t\t<svg aria-hidden=\"true\" class=\"e-font-icon-svg e-fas-chevron-right\" viewbox=\"0 0 320 512\" xmlns=\"http:\/\/www.w3.org\/2000\/svg\"><path d=\"M285.476 272.971L91.132 467.314c-9.373 9.373-24.569 9.373-33.941 0l-22.667-22.667c-9.357-9.357-9.375-24.522-.04-33.901L188.505 256 34.484 101.255c-9.335-9.379-9.317-24.544.04-33.901l22.667-22.667c9.373-9.373 24.569-9.373 33.941 0L285.475 239.03c9.373 9.372 9.373 24.568.001 33.941z\"><\/path><\/svg>\t\t\t\t\t\t<\/span>\n\t\t\t\t\t\t\t\t\t\t<span class=\"elementor-icon-list-text\">Formato del porcelanato: 90x180cm<\/span>\n\t\t\t\t\t\t\t\t\t<\/li>\n\t\t\t\t\t\t<\/ul>\n\t\t\t\t\t\t<\/div>\n\t\t\t\t<\/div>\n\t\t\t\t<\/div>\n\t\t\t\t\t<\/div>\n\t\t\t\t<\/div>\n\t\t<div class=\"elementor-element elementor-element-5b878cf e-flex e-con-boxed e-con e-parent\" data-id=\"5b878cf\" data-element_type=\"container\" data-e-type=\"container\">\n\t\t\t\t\t<div class=\"e-con-inner\">\n\t\t\t\t<div class=\"elementor-element elementor-element-58e9fd1 elementor-widget-divider--view-line_icon elementor-view-default elementor-widget-divider--element-align-center elementor-widget elementor-widget-divider\" data-id=\"58e9fd1\" data-element_type=\"widget\" data-e-type=\"widget\" data-widget_type=\"divider.default\">\n\t\t\t\t<div class=\"elementor-widget-container\">\n\t\t\t\t\t\t\t<div class=\"elementor-divider\">\n\t\t\t<span class=\"elementor-divider-separator\">\n\t\t\t\t\t\t\t<div class=\"elementor-icon elementor-divider__element\">\n\t\t\t\t\t<svg aria-hidden=\"true\" class=\"e-font-icon-svg e-far-arrow-alt-circle-down\" viewbox=\"0 0 512 512\" xmlns=\"http:\/\/www.w3.org\/2000\/svg\"><path d=\"M256 8C119 8 8 119 8 256s111 248 248 248 248-111 248-248S393 8 256 8zm0 448c-110.5 0-200-89.5-200-200S145.5 56 256 56s200 89.5 200 200-89.5 200-200 200zm-32-316v116h-67c-10.7 0-16 12.9-8.5 20.5l99 99c4.7 4.7 12.3 4.7 17 0l99-99c7.6-7.6 2.2-20.5-8.5-20.5h-67V140c0-6.6-5.4-12-12-12h-40c-6.6 0-12 5.4-12 12z\"><\/path><\/svg><\/div>\n\t\t\t\t\t\t<\/span>\n\t\t<\/div>\n\t\t\t\t\t\t<\/div>\n\t\t\t\t<\/div>\n\t\t\t\t\t<\/div>\n\t\t\t\t<\/div>\n\t\t\t\t<section class=\"elementor-section elementor-top-section elementor-element elementor-element-e532dd8 elementor-section-boxed elementor-section-height-default elementor-section-height-default\" data-id=\"e532dd8\" data-element_type=\"section\" data-e-type=\"section\">\n\t\t\t\t\t\t<div class=\"elementor-container elementor-column-gap-default\">\n\t\t\t\t\t<div class=\"elementor-column elementor-col-100 elementor-top-column elementor-element elementor-element-11828e3\" data-id=\"11828e3\" data-element_type=\"column\" data-e-type=\"column\">\n\t\t\t<div class=\"elementor-widget-wrap elementor-element-populated\">\n\t\t\t\t\t\t<div class=\"elementor-element elementor-element-c40623f elementor-widget elementor-widget-gallery\" data-id=\"c40623f\" data-element_type=\"widget\" data-e-type=\"widget\" data-settings=\"{&quot;columns_mobile&quot;:2,&quot;columns&quot;:3,&quot;lazyload&quot;:&quot;yes&quot;,&quot;gallery_layout&quot;:&quot;grid&quot;,&quot;columns_tablet&quot;:2,&quot;gap&quot;:{&quot;unit&quot;:&quot;px&quot;,&quot;size&quot;:10,&quot;sizes&quot;:[]},&quot;gap_tablet&quot;:{&quot;unit&quot;:&quot;px&quot;,&quot;size&quot;:10,&quot;sizes&quot;:[]},&quot;gap_mobile&quot;:{&quot;unit&quot;:&quot;px&quot;,&quot;size&quot;:10,&quot;sizes&quot;:[]},&quot;link_to&quot;:&quot;file&quot;,&quot;aspect_ratio&quot;:&quot;3:2&quot;,&quot;overlay_background&quot;:&quot;yes&quot;,&quot;content_hover_animation&quot;:&quot;fade-in&quot;}\" data-widget_type=\"gallery.default\">\n\t\t\t\t<div class=\"elementor-widget-container\">\n\t\t\t\t\t\t\t<div class=\"elementor-gallery__container\">\n\t\t\t\t\t\t\t<a class=\"e-gallery-item elementor-gallery-item elementor-animated-content\" href=\"https:\/\/tecnofas.com.br\/wp-content\/uploads\/2026\/03\/Tegra-Bueno-Brandao-06.webp\" data-elementor-open-lightbox=\"yes\" data-elementor-lightbox-slideshow=\"c40623f\" data-elementor-lightbox-title=\"Tegra Bueno Brandao 06\" data-e-action-hash=\"#elementor-action%3Aaction%3Dlightbox%26settings%3DeyJpZCI6NjcwMywidXJsIjoiaHR0cHM6XC9cL3RlY25vZmFzLmNvbS5iclwvd3AtY29udGVudFwvdXBsb2Fkc1wvMjAyNlwvMDNcL1RlZ3JhLUJ1ZW5vLUJyYW5kYW8tMDYud2VicCIsInNsaWRlc2hvdyI6ImM0MDYyM2YifQ%3D%3D\">\n\t\t\t\t\t<div class=\"e-gallery-image elementor-gallery-item__image\" data-thumbnail=\"https:\/\/tecnofas.com.br\/wp-content\/uploads\/2026\/03\/Tegra-Bueno-Brandao-06.webp\" data-width=\"720\" data-height=\"1280\" aria-label=\"\" role=\"img\" ><\/div>\n\t\t\t\t\t\t\t\t\t\t\t<div class=\"elementor-gallery-item__overlay\"><\/div>\n\t\t\t\t\t\t\t\t\t\t\t\t\t\t<\/a>\n\t\t\t\t\t\t\t<a class=\"e-gallery-item elementor-gallery-item elementor-animated-content\" href=\"https:\/\/tecnofas.com.br\/wp-content\/uploads\/2026\/03\/Tegra-Bueno-Brandao-11.webp\" data-elementor-open-lightbox=\"yes\" data-elementor-lightbox-slideshow=\"c40623f\" data-elementor-lightbox-title=\"Tegra Bueno Brandao 11\" data-e-action-hash=\"#elementor-action%3Aaction%3Dlightbox%26settings%3DeyJpZCI6NjcwOCwidXJsIjoiaHR0cHM6XC9cL3RlY25vZmFzLmNvbS5iclwvd3AtY29udGVudFwvdXBsb2Fkc1wvMjAyNlwvMDNcL1RlZ3JhLUJ1ZW5vLUJyYW5kYW8tMTEud2VicCIsInNsaWRlc2hvdyI6ImM0MDYyM2YifQ%3D%3D\">\n\t\t\t\t\t<div class=\"e-gallery-image elementor-gallery-item__image\" data-thumbnail=\"https:\/\/tecnofas.com.br\/wp-content\/uploads\/2026\/03\/Tegra-Bueno-Brandao-11.webp\" data-width=\"720\" data-height=\"1280\" aria-label=\"\" role=\"img\" ><\/div>\n\t\t\t\t\t\t\t\t\t\t\t<div class=\"elementor-gallery-item__overlay\"><\/div>\n\t\t\t\t\t\t\t\t\t\t\t\t\t\t<\/a>\n\t\t\t\t\t\t\t<a class=\"e-gallery-item elementor-gallery-item elementor-animated-content\" href=\"https:\/\/tecnofas.com.br\/wp-content\/uploads\/2026\/03\/Tegra-Bueno-Brandao-05.webp\" data-elementor-open-lightbox=\"yes\" data-elementor-lightbox-slideshow=\"c40623f\" data-elementor-lightbox-title=\"Tegra Bueno Brandao 05\" data-e-action-hash=\"#elementor-action%3Aaction%3Dlightbox%26settings%3DeyJpZCI6NjcwMiwidXJsIjoiaHR0cHM6XC9cL3RlY25vZmFzLmNvbS5iclwvd3AtY29udGVudFwvdXBsb2Fkc1wvMjAyNlwvMDNcL1RlZ3JhLUJ1ZW5vLUJyYW5kYW8tMDUud2VicCIsInNsaWRlc2hvdyI6ImM0MDYyM2YifQ%3D%3D\">\n\t\t\t\t\t<div class=\"e-gallery-image elementor-gallery-item__image\" data-thumbnail=\"https:\/\/tecnofas.com.br\/wp-content\/uploads\/2026\/03\/Tegra-Bueno-Brandao-05.webp\" data-width=\"1280\" data-height=\"720\" aria-label=\"\" role=\"img\" ><\/div>\n\t\t\t\t\t\t\t\t\t\t\t<div class=\"elementor-gallery-item__overlay\"><\/div>\n\t\t\t\t\t\t\t\t\t\t\t\t\t\t<\/a>\n\t\t\t\t\t\t\t<a class=\"e-gallery-item elementor-gallery-item elementor-animated-content\" href=\"https:\/\/tecnofas.com.br\/wp-content\/uploads\/2026\/03\/Tegra-Bueno-Brandao-13.webp\" data-elementor-open-lightbox=\"yes\" data-elementor-lightbox-slideshow=\"c40623f\" data-elementor-lightbox-title=\"Tegra Bueno Brandao 13\" data-e-action-hash=\"#elementor-action%3Aaction%3Dlightbox%26settings%3DeyJpZCI6NjcxMCwidXJsIjoiaHR0cHM6XC9cL3RlY25vZmFzLmNvbS5iclwvd3AtY29udGVudFwvdXBsb2Fkc1wvMjAyNlwvMDNcL1RlZ3JhLUJ1ZW5vLUJyYW5kYW8tMTMud2VicCIsInNsaWRlc2hvdyI6ImM0MDYyM2YifQ%3D%3D\">\n\t\t\t\t\t<div class=\"e-gallery-image elementor-gallery-item__image\" data-thumbnail=\"https:\/\/tecnofas.com.br\/wp-content\/uploads\/2026\/03\/Tegra-Bueno-Brandao-13.webp\" data-width=\"900\" data-height=\"1600\" aria-label=\"\" role=\"img\" ><\/div>\n\t\t\t\t\t\t\t\t\t\t\t<div class=\"elementor-gallery-item__overlay\"><\/div>\n\t\t\t\t\t\t\t\t\t\t\t\t\t\t<\/a>\n\t\t\t\t\t\t\t<a class=\"e-gallery-item elementor-gallery-item elementor-animated-content\" href=\"https:\/\/tecnofas.com.br\/wp-content\/uploads\/2026\/03\/Tegra-Bueno-Brandao-12.webp\" data-elementor-open-lightbox=\"yes\" data-elementor-lightbox-slideshow=\"c40623f\" data-elementor-lightbox-title=\"Tegra Bueno Brandao 12\" data-e-action-hash=\"#elementor-action%3Aaction%3Dlightbox%26settings%3DeyJpZCI6NjcwOSwidXJsIjoiaHR0cHM6XC9cL3RlY25vZmFzLmNvbS5iclwvd3AtY29udGVudFwvdXBsb2Fkc1wvMjAyNlwvMDNcL1RlZ3JhLUJ1ZW5vLUJyYW5kYW8tMTIud2VicCIsInNsaWRlc2hvdyI6ImM0MDYyM2YifQ%3D%3D\">\n\t\t\t\t\t<div class=\"e-gallery-image elementor-gallery-item__image\" data-thumbnail=\"https:\/\/tecnofas.com.br\/wp-content\/uploads\/2026\/03\/Tegra-Bueno-Brandao-12.webp\" data-width=\"900\" data-height=\"1600\" aria-label=\"\" role=\"img\" ><\/div>\n\t\t\t\t\t\t\t\t\t\t\t<div class=\"elementor-gallery-item__overlay\"><\/div>\n\t\t\t\t\t\t\t\t\t\t\t\t\t\t<\/a>\n\t\t\t\t\t\t\t<a class=\"e-gallery-item elementor-gallery-item elementor-animated-content\" href=\"https:\/\/tecnofas.com.br\/wp-content\/uploads\/2026\/03\/Tegra-Bueno-Brandao-10.webp\" data-elementor-open-lightbox=\"yes\" data-elementor-lightbox-slideshow=\"c40623f\" data-elementor-lightbox-title=\"Tegra Bueno Brandao 10\" data-e-action-hash=\"#elementor-action%3Aaction%3Dlightbox%26settings%3DeyJpZCI6NjcwNywidXJsIjoiaHR0cHM6XC9cL3RlY25vZmFzLmNvbS5iclwvd3AtY29udGVudFwvdXBsb2Fkc1wvMjAyNlwvMDNcL1RlZ3JhLUJ1ZW5vLUJyYW5kYW8tMTAud2VicCIsInNsaWRlc2hvdyI6ImM0MDYyM2YifQ%3D%3D\">\n\t\t\t\t\t<div class=\"e-gallery-image elementor-gallery-item__image\" data-thumbnail=\"https:\/\/tecnofas.com.br\/wp-content\/uploads\/2026\/03\/Tegra-Bueno-Brandao-10.webp\" data-width=\"900\" data-height=\"1600\" aria-label=\"\" role=\"img\" ><\/div>\n\t\t\t\t\t\t\t\t\t\t\t<div class=\"elementor-gallery-item__overlay\"><\/div>\n\t\t\t\t\t\t\t\t\t\t\t\t\t\t<\/a>\n\t\t\t\t\t\t\t<a class=\"e-gallery-item elementor-gallery-item elementor-animated-content\" href=\"https:\/\/tecnofas.com.br\/wp-content\/uploads\/2026\/03\/Tegra-Bueno-Brandao-09.webp\" data-elementor-open-lightbox=\"yes\" data-elementor-lightbox-slideshow=\"c40623f\" data-elementor-lightbox-title=\"Tegra Bueno Brandao 09\" data-e-action-hash=\"#elementor-action%3Aaction%3Dlightbox%26settings%3DeyJpZCI6NjcwNiwidXJsIjoiaHR0cHM6XC9cL3RlY25vZmFzLmNvbS5iclwvd3AtY29udGVudFwvdXBsb2Fkc1wvMjAyNlwvMDNcL1RlZ3JhLUJ1ZW5vLUJyYW5kYW8tMDkud2VicCIsInNsaWRlc2hvdyI6ImM0MDYyM2YifQ%3D%3D\">\n\t\t\t\t\t<div class=\"e-gallery-image elementor-gallery-item__image\" data-thumbnail=\"https:\/\/tecnofas.com.br\/wp-content\/uploads\/2026\/03\/Tegra-Bueno-Brandao-09.webp\" data-width=\"900\" data-height=\"1600\" aria-label=\"\" role=\"img\" ><\/div>\n\t\t\t\t\t\t\t\t\t\t\t<div class=\"elementor-gallery-item__overlay\"><\/div>\n\t\t\t\t\t\t\t\t\t\t\t\t\t\t<\/a>\n\t\t\t\t\t\t\t<a class=\"e-gallery-item elementor-gallery-item elementor-animated-content\" href=\"https:\/\/tecnofas.com.br\/wp-content\/uploads\/2026\/03\/Tegra-Bueno-Brandao-08.webp\" data-elementor-open-lightbox=\"yes\" data-elementor-lightbox-slideshow=\"c40623f\" data-elementor-lightbox-title=\"Tegra Bueno Brandao 08\" data-e-action-hash=\"#elementor-action%3Aaction%3Dlightbox%26settings%3DeyJpZCI6NjcwNSwidXJsIjoiaHR0cHM6XC9cL3RlY25vZmFzLmNvbS5iclwvd3AtY29udGVudFwvdXBsb2Fkc1wvMjAyNlwvMDNcL1RlZ3JhLUJ1ZW5vLUJyYW5kYW8tMDgud2VicCIsInNsaWRlc2hvdyI6ImM0MDYyM2YifQ%3D%3D\">\n\t\t\t\t\t<div class=\"e-gallery-image elementor-gallery-item__image\" data-thumbnail=\"https:\/\/tecnofas.com.br\/wp-content\/uploads\/2026\/03\/Tegra-Bueno-Brandao-08.webp\" data-width=\"900\" data-height=\"1600\" aria-label=\"\" role=\"img\" ><\/div>\n\t\t\t\t\t\t\t\t\t\t\t<div class=\"elementor-gallery-item__overlay\"><\/div>\n\t\t\t\t\t\t\t\t\t\t\t\t\t\t<\/a>\n\t\t\t\t\t\t\t<a class=\"e-gallery-item elementor-gallery-item elementor-animated-content\" href=\"https:\/\/tecnofas.com.br\/wp-content\/uploads\/2026\/03\/Tegra-Bueno-Brandao-07.webp\" data-elementor-open-lightbox=\"yes\" data-elementor-lightbox-slideshow=\"c40623f\" data-elementor-lightbox-title=\"Tegra Bueno Brandao 07\" data-e-action-hash=\"#elementor-action%3Aaction%3Dlightbox%26settings%3DeyJpZCI6NjcwNCwidXJsIjoiaHR0cHM6XC9cL3RlY25vZmFzLmNvbS5iclwvd3AtY29udGVudFwvdXBsb2Fkc1wvMjAyNlwvMDNcL1RlZ3JhLUJ1ZW5vLUJyYW5kYW8tMDcud2VicCIsInNsaWRlc2hvdyI6ImM0MDYyM2YifQ%3D%3D\">\n\t\t\t\t\t<div class=\"e-gallery-image elementor-gallery-item__image\" data-thumbnail=\"https:\/\/tecnofas.com.br\/wp-content\/uploads\/2026\/03\/Tegra-Bueno-Brandao-07.webp\" data-width=\"720\" data-height=\"1280\" aria-label=\"\" role=\"img\" ><\/div>\n\t\t\t\t\t\t\t\t\t\t\t<div class=\"elementor-gallery-item__overlay\"><\/div>\n\t\t\t\t\t\t\t\t\t\t\t\t\t\t<\/a>\n\t\t\t\t\t\t\t<a class=\"e-gallery-item elementor-gallery-item elementor-animated-content\" href=\"https:\/\/tecnofas.com.br\/wp-content\/uploads\/2026\/03\/Tegra-Bueno-Brandao-04.webp\" data-elementor-open-lightbox=\"yes\" data-elementor-lightbox-slideshow=\"c40623f\" data-elementor-lightbox-title=\"Tegra Bueno Brandao 04\" data-e-action-hash=\"#elementor-action%3Aaction%3Dlightbox%26settings%3DeyJpZCI6NjcwMSwidXJsIjoiaHR0cHM6XC9cL3RlY25vZmFzLmNvbS5iclwvd3AtY29udGVudFwvdXBsb2Fkc1wvMjAyNlwvMDNcL1RlZ3JhLUJ1ZW5vLUJyYW5kYW8tMDQud2VicCIsInNsaWRlc2hvdyI6ImM0MDYyM2YifQ%3D%3D\">\n\t\t\t\t\t<div class=\"e-gallery-image elementor-gallery-item__image\" data-thumbnail=\"https:\/\/tecnofas.com.br\/wp-content\/uploads\/2026\/03\/Tegra-Bueno-Brandao-04.webp\" data-width=\"720\" data-height=\"1280\" aria-label=\"\" role=\"img\" ><\/div>\n\t\t\t\t\t\t\t\t\t\t\t<div class=\"elementor-gallery-item__overlay\"><\/div>\n\t\t\t\t\t\t\t\t\t\t\t\t\t\t<\/a>\n\t\t\t\t\t\t\t<a class=\"e-gallery-item elementor-gallery-item elementor-animated-content\" href=\"https:\/\/tecnofas.com.br\/wp-content\/uploads\/2026\/03\/Tegra-Bueno-Brandao-03.webp\" data-elementor-open-lightbox=\"yes\" data-elementor-lightbox-slideshow=\"c40623f\" data-elementor-lightbox-title=\"Tegra Bueno Brandao 03\" data-e-action-hash=\"#elementor-action%3Aaction%3Dlightbox%26settings%3DeyJpZCI6NjcwMCwidXJsIjoiaHR0cHM6XC9cL3RlY25vZmFzLmNvbS5iclwvd3AtY29udGVudFwvdXBsb2Fkc1wvMjAyNlwvMDNcL1RlZ3JhLUJ1ZW5vLUJyYW5kYW8tMDMud2VicCIsInNsaWRlc2hvdyI6ImM0MDYyM2YifQ%3D%3D\">\n\t\t\t\t\t<div class=\"e-gallery-image elementor-gallery-item__image\" data-thumbnail=\"https:\/\/tecnofas.com.br\/wp-content\/uploads\/2026\/03\/Tegra-Bueno-Brandao-03.webp\" data-width=\"900\" data-height=\"1600\" aria-label=\"\" role=\"img\" ><\/div>\n\t\t\t\t\t\t\t\t\t\t\t<div class=\"elementor-gallery-item__overlay\"><\/div>\n\t\t\t\t\t\t\t\t\t\t\t\t\t\t<\/a>\n\t\t\t\t\t\t\t<a class=\"e-gallery-item elementor-gallery-item elementor-animated-content\" href=\"https:\/\/tecnofas.com.br\/wp-content\/uploads\/2024\/10\/tegra_bueno_brandao_01.webp\" data-elementor-open-lightbox=\"yes\" data-elementor-lightbox-slideshow=\"c40623f\" data-elementor-lightbox-title=\"tegra_bueno_brandao_01\" data-e-action-hash=\"#elementor-action%3Aaction%3Dlightbox%26settings%3DeyJpZCI6NjIzOCwidXJsIjoiaHR0cHM6XC9cL3RlY25vZmFzLmNvbS5iclwvd3AtY29udGVudFwvdXBsb2Fkc1wvMjAyNFwvMTBcL3RlZ3JhX2J1ZW5vX2JyYW5kYW9fMDEud2VicCIsInNsaWRlc2hvdyI6ImM0MDYyM2YifQ%3D%3D\">\n\t\t\t\t\t<div class=\"e-gallery-image elementor-gallery-item__image\" data-thumbnail=\"https:\/\/tecnofas.com.br\/wp-content\/uploads\/2024\/10\/tegra_bueno_brandao_01.webp\" data-width=\"900\" data-height=\"1600\" aria-label=\"\" role=\"img\" ><\/div>\n\t\t\t\t\t\t\t\t\t\t\t<div class=\"elementor-gallery-item__overlay\"><\/div>\n\t\t\t\t\t\t\t\t\t\t\t\t\t\t<\/a>\n\t\t\t\t\t\t\t<a class=\"e-gallery-item elementor-gallery-item elementor-animated-content\" href=\"https:\/\/tecnofas.com.br\/wp-content\/uploads\/2024\/10\/tegra_bueno_brandao_02.webp\" data-elementor-open-lightbox=\"yes\" data-elementor-lightbox-slideshow=\"c40623f\" data-elementor-lightbox-title=\"tegra_bueno_brandao_02\" data-e-action-hash=\"#elementor-action%3Aaction%3Dlightbox%26settings%3DeyJpZCI6NjIzOSwidXJsIjoiaHR0cHM6XC9cL3RlY25vZmFzLmNvbS5iclwvd3AtY29udGVudFwvdXBsb2Fkc1wvMjAyNFwvMTBcL3RlZ3JhX2J1ZW5vX2JyYW5kYW9fMDIud2VicCIsInNsaWRlc2hvdyI6ImM0MDYyM2YifQ%3D%3D\">\n\t\t\t\t\t<div class=\"e-gallery-image elementor-gallery-item__image\" data-thumbnail=\"https:\/\/tecnofas.com.br\/wp-content\/uploads\/2024\/10\/tegra_bueno_brandao_02.webp\" data-width=\"900\" data-height=\"1600\" aria-label=\"\" role=\"img\" ><\/div>\n\t\t\t\t\t\t\t\t\t\t\t<div class=\"elementor-gallery-item__overlay\"><\/div>\n\t\t\t\t\t\t\t\t\t\t\t\t\t\t<\/a>\n\t\t\t\t\t<\/div>\n\t\t\t\t\t<\/div>\n\t\t\t\t<\/div>\n\t\t\t\t\t<\/div>\n\t\t<\/div>\n\t\t\t\t\t<\/div>\n\t\t<\/section>\n\t\t\t\t<\/div>","protected":false},"excerpt":{"rendered":"<p>TEGRA &#8211; BUENO BRAND\u00c3O Cidade\/Estado: S\u00e3o Paulo \/ SP Status: Conclu\u00eddo Ano da execu\u00e7\u00e3o: 2025 \u00c1rea da fachada: 5.000,00m\u00b2 Tipo de porcelanato: Portobello Ohh Take Clif Formato do porcelanato: 90x180cm<\/p>","protected":false},"author":1,"featured_media":0,"parent":0,"menu_order":0,"comment_status":"closed","ping_status":"closed","template":"","meta":{"site-sidebar-layout":"no-sidebar","site-content-layout":"page-builder","ast-site-content-layout":"","site-content-style":"default","site-sidebar-style":"default","ast-global-header-display":"","ast-banner-title-visibility":"","ast-main-header-display":"","ast-hfb-above-header-display":"","ast-hfb-below-header-display":"","ast-hfb-mobile-header-display":"","site-post-title":"disabled","ast-breadcrumbs-content":"","ast-featured-img":"disabled","footer-sml-layout":"","theme-transparent-header-meta":"enabled","adv-header-id-meta":null,"stick-header-meta":null,"header-above-stick-meta":null,"header-main-stick-meta":null,"header-below-stick-meta":null,"astra-migrate-meta-layouts":"default","ast-page-background-enabled":"default","ast-page-background-meta":{"desktop":{"background-color":"","background-image":"","background-repeat":"repeat","background-position":"center center","background-size":"auto","background-attachment":"scroll","background-type":"","background-media":"","overlay-type":"","overlay-color":"","overlay-opacity":"","overlay-gradient":""},"tablet":{"background-color":"","background-image":"","background-repeat":"repeat","background-position":"center center","background-size":"auto","background-attachment":"scroll","background-type":"","background-media":"","overlay-type":"","overlay-color":"","overlay-opacity":"","overlay-gradient":""},"mobile":{"background-color":"","background-image":"","background-repeat":"repeat","background-position":"center center","background-size":"auto","background-attachment":"scroll","background-type":"","background-media":"","overlay-type":"","overlay-color":"","overlay-opacity":"","overlay-gradient":""}},"ast-content-background-meta":{"desktop":{"background-color":"var(--ast-global-color-5)","background-image":"","background-repeat":"repeat","background-position":"center center","background-size":"auto","background-attachment":"scroll","background-type":"","background-media":"","overlay-type":"","overlay-color":"","overlay-opacity":"","overlay-gradient":""},"tablet":{"background-color":"var(--ast-global-color-5)","background-image":"","background-repeat":"repeat","background-position":"center center","background-size":"auto","background-attachment":"scroll","background-type":"","background-media":"","overlay-type":"","overlay-color":"","overlay-opacity":"","overlay-gradient":""},"mobile":{"background-color":"var(--ast-global-color-5)","background-image":"","background-repeat":"repeat","background-position":"center center","background-size":"auto","background-attachment":"scroll","background-type":"","background-media":"","overlay-type":"","overlay-color":"","overlay-opacity":"","overlay-gradient":""}},"footnotes":""},"class_list":["post-3869","page","type-page","status-publish","hentry"],"_links":{"self":[{"href":"https:\/\/tecnofas.com.br\/es\/wp-json\/wp\/v2\/pages\/3869","targetHints":{"allow":["GET"]}}],"collection":[{"href":"https:\/\/tecnofas.com.br\/es\/wp-json\/wp\/v2\/pages"}],"about":[{"href":"https:\/\/tecnofas.com.br\/es\/wp-json\/wp\/v2\/types\/page"}],"author":[{"embeddable":true,"href":"https:\/\/tecnofas.com.br\/es\/wp-json\/wp\/v2\/users\/1"}],"replies":[{"embeddable":true,"href":"https:\/\/tecnofas.com.br\/es\/wp-json\/wp\/v2\/comments?post=3869"}],"version-history":[{"count":6,"href":"https:\/\/tecnofas.com.br\/es\/wp-json\/wp\/v2\/pages\/3869\/revisions"}],"predecessor-version":[{"id":6713,"href":"https:\/\/tecnofas.com.br\/es\/wp-json\/wp\/v2\/pages\/3869\/revisions\/6713"}],"wp:attachment":[{"href":"https:\/\/tecnofas.com.br\/es\/wp-json\/wp\/v2\/media?parent=3869"}],"curies":[{"name":"wp","href":"https:\/\/api.w.org\/{rel}","templated":true}]}}